{"id":1068,"date":"2024-08-13T17:29:25","date_gmt":"2024-08-13T17:29:25","guid":{"rendered":"https:\/\/maisculturanegocios.com.br\/?page_id=1068"},"modified":"2024-10-30T20:05:30","modified_gmt":"2024-10-30T20:05:30","slug":"eventos-carbono-neutro","status":"publish","type":"page","link":"https:\/\/maisculturanegocios.com.br\/index.php\/eventos-carbono-neutro\/","title":{"rendered":"Eventos carbono neutro"},"content":{"rendered":"<div data-colibri-id=\"1068-c1\" class=\"style-403 style-local-1068-c1 position-relative\">\n  <!---->\n  <div data-colibri-component=\"section\" data-colibri-id=\"1068-c2\" id=\"about\" class=\"h-section h-section-global-spacing d-flex align-items-lg-center align-items-md-center align-items-center style-412 style-local-1068-c2 position-relative\">\n    <!---->\n    <!---->\n    <div class=\"h-section-grid-container h-section-fluid-container\">\n      <!---->\n      <div data-colibri-id=\"1068-c3\" class=\"h-row-container gutters-row-lg-3 gutters-row-md-3 gutters-row-2 gutters-row-v-lg-3 gutters-row-v-md-3 gutters-row-v-3 style-413 style-local-1068-c3 position-relative\">\n        <!---->\n        <div class=\"h-row justify-content-lg-center justify-content-md-center justify-content-center align-items-lg-stretch align-items-md-stretch align-items-stretch gutters-col-lg-3 gutters-col-md-3 gutters-col-2 gutters-col-v-lg-3 gutters-col-v-md-3 gutters-col-v-3\">\n          <!---->\n          <div class=\"h-column h-column-container d-flex h-col-lg-auto h-col-md-auto h-col-auto style-414-outer style-local-1068-c4-outer\">\n            <div data-colibri-id=\"1068-c4\" class=\"d-flex h-flex-basis h-column__inner h-px-lg-2 h-px-md-2 h-px-2 v-inner-lg-2 v-inner-md-2 v-inner-2 style-414 style-local-1068-c4 position-relative\">\n              <!---->\n              <!---->\n              <div class=\"w-100 h-y-container h-column__content h-column__v-align flex-basis-100 align-self-lg-center align-self-md-center align-self-center\">\n                <!---->\n                <div data-colibri-id=\"1068-c5\" class=\"h-global-transition-all h-heading style-415 style-local-1068-c5 position-relative h-element\">\n                  <!---->\n                  <div class=\"h-heading__outer style-415 style-local-1068-c5\">\n                    <!---->\n                    <!---->\n                    <h5 class=\"\">Boas pr\u00e1ticas em ESG<\/h5>\n                  <\/div>\n                <\/div>\n                <div data-colibri-id=\"1068-c6\" class=\"h-global-transition-all h-heading style-416 style-local-1068-c6 position-relative h-element\">\n                  <!---->\n                  <div class=\"h-heading__outer style-416 style-local-1068-c6\">\n                    <!---->\n                    <!---->\n                    <h2 class=\"\">Reafirme seu compromisso com o planeta, conquiste o&nbsp;<em style=\"color: rgb(247, 144, 7); font-family: &quot;Playfair Display&quot;;\">selo carbono neutro&nbsp;&nbsp;<\/em>e\n                      <br>fa\u00e7a a diferen\u00e7a!\n                      <br>\n                    <\/h2>\n                  <\/div>\n                <\/div>\n                <div data-colibri-id=\"1068-c7\" class=\"h-text h-text-component style-417 style-local-1068-c7 position-relative h-element\">\n                  <!---->\n                  <!---->\n                  <div class=\"\">\n                    <p>\n                      <br>\n                    <\/p>\n                    <p>Seguimos os princ\u00edpios, normas e metodologias estabelecidos pelos seguintes padr\u00f5es nacionais e internacionais:<\/p>\n                    <ul>\n                      <li>Programa Brasileiro GHG Protocol;<\/li>\n                      <li>Intergovernmental Panel on Climate Change \u2013 IPCC (Painel Intergovernamental&nbsp;de Mudan\u00e7as Clim\u00e1ticas);&nbsp;<\/li>\n                      <li>World Resources Institute \/ World Business Council for Sustainable Development&nbsp;\u2013 WRI \/ WBCSD (Instituto de Recursos Mundiais \/ Conselho&nbsp;Mundial de Empresas para o Desenvolvimento Sustent\u00e1vel;<\/li>\n                      <li>NBR ISO 14.064-1 (2022).<\/li>\n                    <\/ul>\n                    <p>O Selo Carbono Neutro \u00e9 a&nbsp;representa\u00e7\u00e3o de um compromisso com&nbsp;a sustentabilidade.<\/p>\n                  <\/div>\n                <\/div>\n                <div data-colibri-id=\"1068-c8\" class=\"h-x-container style-418 style-local-1068-c8 position-relative h-element\">\n                  <!---->\n                  <div class=\"h-x-container-inner style-dynamic-1068-c8-group style-418-spacing style-local-1068-c8-spacing\"><span class=\"h-button__outer style-419-outer style-local-1068-c9-outer d-inline-flex h-element\"><a h-use-smooth-scroll=\"true\" href=\" https:\/\/maisculturanegocios.com.br\/index.php\/contato\/\"  data-colibri-id=\"1068-c9\" class=\"d-flex w-100 align-items-center h-button justify-content-lg-center justify-content-md-center justify-content-center style-419 style-local-1068-c9 position-relative\"><!----><!----> <span>Fa\u00e7a contato<\/span><\/a>\n                    <\/span>\n                  <\/div>\n                <\/div>\n              <\/div>\n            <\/div>\n          <\/div>\n          <div class=\"h-column h-column-container d-flex h-col-lg-auto h-col-md-auto h-col-auto style-420-outer style-local-1068-c10-outer\">\n            <div data-colibri-id=\"1068-c10\" class=\"d-flex h-flex-basis h-column__inner h-px-lg-2 h-px-md-2 h-px-2 v-inner-lg-2 v-inner-md-2 v-inner-2 style-420 style-local-1068-c10 position-relative\">\n              <!---->\n              <!---->\n              <div class=\"w-100 h-y-container h-column__content h-column__v-align flex-basis-100 align-self-lg-center align-self-md-center align-self-center\">\n                <!---->\n                <div data-colibri-id=\"1068-c11\" class=\"d-block style-421 style-local-1068-c11 position-relative h-element\">\n                  <!---->\n                  <div class=\"h-image__frame-container-outer\">\n                    <div class=\"h-image__frame-container\">\n                      <!---->\n                      <!---->\n                      <img loading=\"lazy\" decoding=\"async\" width=\"3453\" height=\"3445\" src=\"https:\/\/maisculturanegocios.com.br\/wp-content\/uploads\/2024\/08\/akvo-1.png\" class=\"wp-image-1165 style-421-image style-local-1068-c11-image\" alt=\"\" srcset=\"https:\/\/maisculturanegocios.com.br\/wp-content\/uploads\/2024\/08\/akvo-1.png 3453w, https:\/\/maisculturanegocios.com.br\/wp-content\/uploads\/2024\/08\/akvo-1-300x300.png 300w, https:\/\/maisculturanegocios.com.br\/wp-content\/uploads\/2024\/08\/akvo-1-1024x1022.png 1024w, https:\/\/maisculturanegocios.com.br\/wp-content\/uploads\/2024\/08\/akvo-1-150x150.png 150w, https:\/\/maisculturanegocios.com.br\/wp-content\/uploads\/2024\/08\/akvo-1-768x766.png 768w, https:\/\/maisculturanegocios.com.br\/wp-content\/uploads\/2024\/08\/akvo-1-1536x1532.png 1536w, https:\/\/maisculturanegocios.com.br\/wp-content\/uploads\/2024\/08\/akvo-1-2048x2043.png 2048w\" sizes=\"auto, (max-width: 3453px) 100vw, 3453px\" \/>\n                      <div class=\"h-image__frame h-hide-sm style-421-frameImage style-local-1068-c11-frameImage\"><\/div>\n                    <\/div>\n                  <\/div>\n                <\/div>\n              <\/div>\n            <\/div>\n          <\/div>\n        <\/div>\n      <\/div>\n    <\/div>\n  <\/div>\n<\/div>","protected":false},"excerpt":{"rendered":"<p>Boas pr\u00e1ticas em ESG Reafirme seu compromisso com o planeta, conquiste o&nbsp;selo carbono neutro&nbsp;&nbsp;e fa\u00e7a a diferen\u00e7a! Seguimos os princ\u00edpios, normas e metodologias estabelecidos pelos seguintes padr\u00f5es nacionais e internacionais: Programa Brasileiro GHG Protocol; Intergovernmental Panel on Climate Change \u2013 IPCC (Painel Intergovernamental&nbsp;de Mudan\u00e7as Clim\u00e1ticas);&nbsp; World Resources Institute \/ World Business Council for Sustainable Development&nbsp;\u2013 [&hellip;]<\/p>\n","protected":false},"author":1,"featured_media":0,"parent":0,"menu_order":0,"comment_status":"closed","ping_status":"closed","template":"page-templates\/full-width-page.php","meta":{"_monsterinsights_skip_tracking":false,"_monsterinsights_sitenote_active":false,"_monsterinsights_sitenote_note":"","_monsterinsights_sitenote_category":0,"footnotes":""},"class_list":["post-1068","page","type-page","status-publish","hentry"],"aioseo_notices":[],"_links":{"self":[{"href":"https:\/\/maisculturanegocios.com.br\/index.php\/wp-json\/wp\/v2\/pages\/1068","targetHints":{"allow":["GET"]}}],"collection":[{"href":"https:\/\/maisculturanegocios.com.br\/index.php\/wp-json\/wp\/v2\/pages"}],"about":[{"href":"https:\/\/maisculturanegocios.com.br\/index.php\/wp-json\/wp\/v2\/types\/page"}],"author":[{"embeddable":true,"href":"https:\/\/maisculturanegocios.com.br\/index.php\/wp-json\/wp\/v2\/users\/1"}],"replies":[{"embeddable":true,"href":"https:\/\/maisculturanegocios.com.br\/index.php\/wp-json\/wp\/v2\/comments?post=1068"}],"version-history":[{"count":20,"href":"https:\/\/maisculturanegocios.com.br\/index.php\/wp-json\/wp\/v2\/pages\/1068\/revisions"}],"predecessor-version":[{"id":1492,"href":"https:\/\/maisculturanegocios.com.br\/index.php\/wp-json\/wp\/v2\/pages\/1068\/revisions\/1492"}],"wp:attachment":[{"href":"https:\/\/maisculturanegocios.com.br\/index.php\/wp-json\/wp\/v2\/media?parent=1068"}],"curies":[{"name":"wp","href":"https:\/\/api.w.org\/{rel}","templated":true}]}}