{"id":1214,"date":"2024-08-13T21:23:35","date_gmt":"2024-08-13T21:23:35","guid":{"rendered":"https:\/\/maisculturanegocios.com.br\/?page_id=1214"},"modified":"2024-10-30T20:30:11","modified_gmt":"2024-10-30T20:30:11","slug":"gastronomia-e-acessibilidade","status":"publish","type":"page","link":"https:\/\/maisculturanegocios.com.br\/index.php\/gastronomia-e-acessibilidade\/","title":{"rendered":"Arte e Acessibilidade"},"content":{"rendered":"<div data-colibri-id=\"1214-c1\" class=\"style-428 style-local-1214-c1 position-relative\">\n  <!---->\n  <div data-colibri-component=\"section\" data-colibri-id=\"1214-c2\" id=\"about\" class=\"h-section h-section-global-spacing d-flex align-items-lg-center align-items-md-center align-items-center style-429 style-local-1214-c2 position-relative\">\n    <!---->\n    <!---->\n    <div class=\"h-section-grid-container h-section-boxed-container\">\n      <div data-colibri-id=\"1214-c7\" class=\"h-row-container gutters-row-lg-2 gutters-row-md-2 gutters-row-2 gutters-row-v-lg-2 gutters-row-v-md-2 gutters-row-v-2 style-434 style-local-1214-c7 position-relative\">\n        <!---->\n        <div class=\"h-row justify-content-lg-center justify-content-md-center justify-content-center align-items-lg-stretch align-items-md-stretch align-items-stretch gutters-col-lg-2 gutters-col-md-2 gutters-col-2 gutters-col-v-lg-2 gutters-col-v-md-2 gutters-col-v-2\">\n          <!---->\n          <div class=\"h-column h-column-container d-flex h-col-lg-auto h-col-md-auto h-col-auto style-435-outer style-local-1214-c8-outer\">\n            <div data-colibri-id=\"1214-c8\" class=\"d-flex h-flex-basis h-column__inner h-px-lg-2 h-px-md-2 h-px-2 v-inner-lg-2 v-inner-md-2 v-inner-2 style-435 style-local-1214-c8 position-relative\">\n              <!---->\n              <!---->\n              <div class=\"w-100 h-y-container h-column__content h-column__v-align flex-basis-100 align-self-lg-start align-self-md-start align-self-start\">\n                <!---->\n                <div data-colibri-id=\"1214-c9\" class=\"h-global-transition-all h-heading style-436 style-local-1214-c9 position-relative h-element\">\n                  <!---->\n                  <div class=\"h-heading__outer style-436 style-local-1214-c9\">\n                    <!---->\n                    <!---->\n                    <h5 class=\"\">Projetos culturais<\/h5>\n                  <\/div>\n                <\/div>\n                <div data-colibri-id=\"1214-c10\" class=\"h-global-transition-all h-heading style-437 style-local-1214-c10 position-relative h-element\">\n                  <!---->\n                  <div class=\"h-heading__outer style-437 style-local-1214-c10\">\n                    <!---->\n                    <!---->\n                    <h2 class=\"\">Desenvolvemos\n                      <br> projetos especiais e\n                      <br> acess\u00edveis<\/h2>\n                  <\/div>\n                <\/div>\n                <div data-colibri-id=\"1214-c11\" class=\"h-lead h-text h-text-component style-438 style-local-1214-c11 position-relative h-element\">\n                  <!---->\n                  <!---->\n                  <div class=\"\">\n                    <p>Desde 2008, nascemos com o prop\u00f3sito de transformar o cen\u00e1rio cultural. Entre 2018 e 2023, revolucionamos o setor com o Latus Accessibility, por meio de workshops que despertaram nos agentes culturais a import\u00e2ncia da acessibilidade\n                      em espa\u00e7os e eventos culturais, al\u00e9m da nossa plataforma educacional dedicada a essa causa.<\/p>\n                    <p>Em 2024, estamos integrando cultura e sustentabilidade em projetos gastron\u00f4micos personalizados em Minas Gerais, promovendo a tradi\u00e7\u00e3o culin\u00e1ria com um selo de carbono neutro.<\/p>\n                  <\/div>\n                <\/div>\n                <div data-colibri-id=\"1214-c12\" class=\"h-x-container style-439 style-local-1214-c12 position-relative h-element\">\n                  <!---->\n                  <div class=\"h-x-container-inner style-dynamic-1214-c12-group style-439-spacing style-local-1214-c12-spacing\"><span class=\"h-button__outer style-440-outer style-local-1214-c13-outer d-inline-flex h-element\"><a h-use-smooth-scroll=\"true\" href=\" https:\/\/maisculturanegocios.com.br\/index.php\/contato\/\"  data-colibri-id=\"1214-c13\" class=\"d-flex w-100 align-items-center h-button justify-content-lg-center justify-content-md-center justify-content-center style-440 style-local-1214-c13 position-relative\"><!----><!----> <span>Fa\u00e7a contato!<\/span><\/a>\n                    <\/span>\n                  <\/div>\n                <\/div>\n              <\/div>\n            <\/div>\n          <\/div>\n        <\/div>\n      <\/div>\n      <div data-colibri-id=\"1214-c3\" class=\"h-row-container gutters-row-lg-0 gutters-row-md-0 gutters-row-0 gutters-row-v-lg-0 gutters-row-v-md-0 gutters-row-v-0 style-430 style-local-1214-c3 h-overflow-hidden position-relative\">\n        <!---->\n        <div class=\"h-row justify-content-lg-center justify-content-md-center justify-content-center align-items-lg-end align-items-md-end align-items-end gutters-col-lg-0 gutters-col-md-0 gutters-col-0 gutters-col-v-lg-0 gutters-col-v-md-0 gutters-col-v-0\">\n          <!---->\n          <div class=\"h-column h-column-container d-flex h-col-lg-auto h-col-md-auto h-col-auto align-self-lg-end align-self-md-end align-self-end style-431-outer style-local-1214-c4-outer\">\n            <div data-colibri-id=\"1214-c4\" class=\"d-flex h-flex-basis h-column__inner h-ui-empty-state-container h-px-lg-0 h-px-md-0 h-px-0 v-inner-lg-0 v-inner-md-0 v-inner-0 style-431 style-local-1214-c4 position-relative\">\n              <!---->\n              <!---->\n              <div class=\"w-100 h-y-container h-column__content h-column__v-align flex-basis-100\">\n                <!---->\n              <\/div>\n            <\/div>\n          <\/div>\n          <div class=\"h-column h-column-container d-flex h-col-lg-auto h-col-md-auto h-col-auto align-self-lg-end align-self-md-end align-self-end style-432-outer style-local-1214-c5-outer\">\n            <div data-colibri-id=\"1214-c5\" class=\"d-flex h-flex-basis h-column__inner h-ui-empty-state-container h-px-lg-0 h-px-md-0 h-px-0 v-inner-lg-0 v-inner-md-0 v-inner-0 style-432 style-local-1214-c5 position-relative\">\n              <!---->\n              <!---->\n              <div class=\"w-100 h-y-container h-column__content h-column__v-align flex-basis-100\">\n                <!---->\n              <\/div>\n            <\/div>\n          <\/div>\n          <div class=\"h-column h-column-container d-flex h-col-lg-auto h-col-md-auto h-col-auto align-self-lg-end align-self-md-end align-self-end style-433-outer style-local-1214-c6-outer\">\n            <div data-colibri-id=\"1214-c6\" class=\"d-flex h-flex-basis h-column__inner h-ui-empty-state-container h-px-lg-0 h-px-md-0 h-px-0 v-inner-lg-0 v-inner-md-0 v-inner-0 style-433 style-local-1214-c6 position-relative\">\n              <!---->\n              <!---->\n              <div class=\"w-100 h-y-container h-column__content h-column__v-align flex-basis-100\">\n                <!---->\n              <\/div>\n            <\/div>\n          <\/div>\n        <\/div>\n      <\/div>\n    <\/div>\n  <\/div>\n<\/div>","protected":false},"excerpt":{"rendered":"<p>Projetos culturais Desenvolvemos projetos especiais e acess\u00edveis Desde 2008, nascemos com o prop\u00f3sito de transformar o cen\u00e1rio cultural. Entre 2018 e 2023, revolucionamos o setor com o Latus Accessibility, por meio de workshops que despertaram nos agentes culturais a import\u00e2ncia da acessibilidade em espa\u00e7os e eventos culturais, al\u00e9m da nossa plataforma educacional dedicada a essa [&hellip;]<\/p>\n","protected":false},"author":1,"featured_media":0,"parent":0,"menu_order":0,"comment_status":"closed","ping_status":"closed","template":"page-templates\/full-width-page.php","meta":{"_monsterinsights_skip_tracking":false,"_monsterinsights_sitenote_active":false,"_monsterinsights_sitenote_note":"","_monsterinsights_sitenote_category":0,"footnotes":""},"class_list":["post-1214","page","type-page","status-publish","hentry"],"aioseo_notices":[],"_links":{"self":[{"href":"https:\/\/maisculturanegocios.com.br\/index.php\/wp-json\/wp\/v2\/pages\/1214","targetHints":{"allow":["GET"]}}],"collection":[{"href":"https:\/\/maisculturanegocios.com.br\/index.php\/wp-json\/wp\/v2\/pages"}],"about":[{"href":"https:\/\/maisculturanegocios.com.br\/index.php\/wp-json\/wp\/v2\/types\/page"}],"author":[{"embeddable":true,"href":"https:\/\/maisculturanegocios.com.br\/index.php\/wp-json\/wp\/v2\/users\/1"}],"replies":[{"embeddable":true,"href":"https:\/\/maisculturanegocios.com.br\/index.php\/wp-json\/wp\/v2\/comments?post=1214"}],"version-history":[{"count":12,"href":"https:\/\/maisculturanegocios.com.br\/index.php\/wp-json\/wp\/v2\/pages\/1214\/revisions"}],"predecessor-version":[{"id":1535,"href":"https:\/\/maisculturanegocios.com.br\/index.php\/wp-json\/wp\/v2\/pages\/1214\/revisions\/1535"}],"wp:attachment":[{"href":"https:\/\/maisculturanegocios.com.br\/index.php\/wp-json\/wp\/v2\/media?parent=1214"}],"curies":[{"name":"wp","href":"https:\/\/api.w.org\/{rel}","templated":true}]}}