{"id":45,"date":"2022-09-05T23:11:01","date_gmt":"2022-09-05T23:11:01","guid":{"rendered":"https:\/\/maisculturanegocios.com.br\/?page_id=45"},"modified":"2024-10-30T20:00:57","modified_gmt":"2024-10-30T20:00:57","slug":"o-que-fazemos","status":"publish","type":"page","link":"https:\/\/maisculturanegocios.com.br\/index.php\/o-que-fazemos\/","title":{"rendered":"O que fazemos"},"content":{"rendered":"<div data-colibri-id=\"45-c1\" class=\"style-219 style-local-45-c1 position-relative\">\r\n  <!---->\r\n  <div data-colibri-component=\"section\" data-colibri-id=\"45-c2\" id=\"overlappable-2\" class=\"h-section h-section-global-spacing d-flex align-items-lg-center align-items-md-center align-items-center style-395 style-local-45-c2 position-relative\">\r\n    <!---->\r\n    <!---->\r\n    <div class=\"h-section-grid-container h-section-boxed-container\">\r\n      <!---->\r\n      <div data-colibri-id=\"45-c3\" class=\"h-row-container gutters-row-lg-1 gutters-row-md-1 gutters-row-2 gutters-row-v-lg-1 gutters-row-v-md-1 gutters-row-v-2 style-396 style-local-45-c3 position-relative\">\r\n        <!---->\r\n        <div class=\"h-row justify-content-lg-center justify-content-md-center justify-content-center align-items-lg-stretch align-items-md-stretch align-items-stretch gutters-col-lg-1 gutters-col-md-1 gutters-col-2 gutters-col-v-lg-1 gutters-col-v-md-1 gutters-col-v-2\">\r\n          <!---->\r\n          <div class=\"h-column h-column-container d-flex h-col-lg-4 h-col-md-4 h-col-12 style-397-outer style-local-45-c4-outer\">\r\n            <div data-colibri-id=\"45-c4\" class=\"d-flex h-flex-basis h-column__inner h-px-lg-3 h-px-md-3 h-px-2 v-inner-lg-3 v-inner-md-3 v-inner-2 style-397 style-local-45-c4 position-relative\">\r\n              <!---->\r\n              <!---->\r\n              <div class=\"w-100 h-y-container h-column__content h-column__v-align flex-basis-100 align-self-lg-start align-self-md-start align-self-start\">\r\n                <!---->\r\n                <div data-colibri-id=\"45-c5\" class=\"h-icon style-398 style-local-45-c5 position-relative h-element\">\r\n                  <!----><span class=\"h-svg-icon h-icon__icon style-398-icon style-local-45-c5-icon\"><!--Icon by Font Awesome (https:\/\/fontawesome.com)-->\r\n    <svg version=\"1.1\" xmlns=\"http:\/\/www.w3.org\/2000\/svg\" xmlns:xlink=\"http:\/\/www.w3.org\/1999\/xlink\" id=\"refresh\" viewBox=\"0 0 1536 1896.0833\">\r\n      <path d=\"M1511 1056q0 5-1 7-64 268-268 434.5T764 1664q-146 0-282.5-55T238 1452l-129 129q-19 19-45 19t-45-19-19-45v-448q0-26 19-45t45-19h448q26 0 45 19t19 45-19 45l-137 137q71 66 161 102t187 36q134 0 250-65t186-179q11-17 53-117 8-23 30-23h192q13 0 22.5 9.5t9.5 22.5zm25-800v448q0 26-19 45t-45 19h-448q-26 0-45-19t-19-45 19-45l138-138Q969 384 768 384q-134 0-250 65T332 628q-11 17-53 117-8 23-30 23H50q-13 0-22.5-9.5T18 736v-7q65-268 270-434.5T768 128q146 0 284 55.5T1297 340l130-129q19-19 45-19t45 19 19 45z\"><\/path>\r\n    <\/svg><\/span><\/div>\r\n                <div data-colibri-id=\"45-c6\" class=\"h-global-transition-all h-heading style-399 style-local-45-c6 position-relative h-element\">\r\n                  <!---->\r\n                  <div class=\"h-heading__outer style-399 style-local-45-c6\">\r\n                    <!---->\r\n                    <!---->\r\n                    <h5 class=\"\">eventos\r\n                      <br>carbono neutro<\/h5>\r\n                  <\/div>\r\n                <\/div>\r\n                <div data-colibri-id=\"45-c7\" class=\"h-text h-text-component style-400 style-local-45-c7 position-relative h-element\">\r\n                  <!---->\r\n                  <!---->\r\n                  <div class=\"\">\r\n                    <p><span style=\"color: rgb(102, 102, 102); font-family: &quot;Open Sans&quot;; font-size: 16px; font-weight: 400;\">Invent\u00e1rio, gest\u00e3o&nbsp;das emiss\u00f5es de Gases de Efeito Estufa (GEE) e certificado carbono neutro.<\/span><\/p>\r\n                  <\/div>\r\n                <\/div>\r\n                <div data-colibri-id=\"45-c8\" class=\"h-x-container style-401 style-local-45-c8 position-relative h-element\">\r\n                  <!---->\r\n                  <div class=\"h-x-container-inner style-dynamic-45-c8-group style-401-spacing style-local-45-c8-spacing\"><span class=\"h-link__outer style-402-outer style-local-45-c9-outer d-inline-flex h-element\"><a h-use-smooth-scroll=\"true\" href=\"https:\/\/maisculturanegocios.com.br\/index.php\/eventos-carbono-neutro\/\"  data-colibri-id=\"45-c9\" class=\"d-flex w-100 align-items-center h-link style-402 style-local-45-c9 position-relative\"><!----><!----> <span>Saiba mais<\/span>                    <span class=\"h-svg-icon h-link__icon style-402-icon style-local-45-c9-icon\"><!--Icon by Icons8 Line Awesome (https:\/\/icons8.com\/line-awesome)--><svg version=\"1.1\" xmlns=\"http:\/\/www.w3.org\/2000\/svg\" xmlns:xlink=\"http:\/\/www.w3.org\/1999\/xlink\" id=\"angle-double-right\" viewBox=\"0 0 512 545.5\"><path d=\"M145.5 108.5l168 168L325 288l-11.5 11.5-168 168-22.5-23L279.5 288 123 131.5zm112 0l168 168L437 288l-11.5 11.5-168 168-22.5-23L391.5 288 235 131.5z\"><\/path><\/svg><\/span><\/a>\r\n                    <\/span>\r\n                  <\/div>\r\n                <\/div>\r\n              <\/div>\r\n            <\/div>\r\n          <\/div>\r\n          <div class=\"h-column h-column-container d-flex h-col-lg-4 h-col-md-4 h-col-12 style-397-outer style-local-45-c10-outer\">\r\n            <div data-colibri-id=\"45-c10\" class=\"d-flex h-flex-basis h-column__inner h-px-lg-3 h-px-md-3 h-px-2 v-inner-lg-3 v-inner-md-3 v-inner-2 style-397 style-local-45-c10 position-relative\">\r\n              <!---->\r\n              <!---->\r\n              <div class=\"w-100 h-y-container h-column__content h-column__v-align flex-basis-100 align-self-lg-start align-self-md-start align-self-start\">\r\n                <!---->\r\n                <div data-colibri-id=\"45-c11\" class=\"h-icon style-398 style-local-45-c11 position-relative h-element\">\r\n                  <!----><span class=\"h-svg-icon h-icon__icon style-398-icon style-local-45-c11-icon\"><!--Icon by Font Awesome (https:\/\/fontawesome.com)-->\r\n    <svg version=\"1.1\" xmlns=\"http:\/\/www.w3.org\/2000\/svg\" xmlns:xlink=\"http:\/\/www.w3.org\/1999\/xlink\" id=\"pencil-square-o\" viewBox=\"0 0 1792 1896.0833\">\r\n      <path d=\"M888 1184l116-116-152-152-116 116v56h96v96h56zm440-720q-16-16-33 1L945 815q-17 17-1 33t33-1l350-350q17-17 1-33zm80 594v190q0 119-84.5 203.5T1120 1536H288q-119 0-203.5-84.5T0 1248V416q0-119 84.5-203.5T288 128h832q63 0 117 25 15 7 18 23 3 17-9 29l-49 49q-14 14-32 8-23-6-45-6H288q-66 0-113 47t-47 113v832q0 66 47 113t113 47h832q66 0 113-47t47-113v-126q0-13 9-22l64-64q15-15 35-7t20 29zm-96-738l288 288-672 672H640V992zm444 132l-92 92-288-288 92-92q28-28 68-28t68 28l152 152q28 28 28 68t-28 68z\"><\/path>\r\n    <\/svg><\/span><\/div>\r\n                <div data-colibri-id=\"45-c12\" class=\"h-global-transition-all h-heading style-399 style-local-45-c12 position-relative h-element\">\r\n                  <!---->\r\n                  <div class=\"h-heading__outer style-399 style-local-45-c12\">\r\n                    <!---->\r\n                    <!---->\r\n                    <h5 class=\"\">Arte e\r\n                      <br> acessibilidade<\/h5>\r\n                  <\/div>\r\n                <\/div>\r\n                <div data-colibri-id=\"45-c13\" class=\"h-text h-text-component style-400 style-local-45-c13 position-relative h-element\">\r\n                  <!---->\r\n                  <!---->\r\n                  <div class=\"\">\r\n                    <p><span style=\"font-weight: 400; font-size: 16px; font-family: &quot;Open Sans&quot;; color: rgb(102, 102, 102);\">Cria\u00e7\u00e3o, elabora\u00e7\u00e3o e gest\u00e3o de projetos culturais para editais.<\/span><\/p>\r\n                  <\/div>\r\n                <\/div>\r\n                <div data-colibri-id=\"45-c14\" class=\"h-x-container style-401 style-local-45-c14 position-relative h-element\">\r\n                  <!---->\r\n                  <div class=\"h-x-container-inner style-dynamic-45-c14-group style-401-spacing style-local-45-c14-spacing\"><span class=\"h-link__outer style-402-outer style-local-45-c15-outer d-inline-flex h-element\"><a h-use-smooth-scroll=\"true\" href=\"https:\/\/maisculturanegocios.com.br\/index.php\/gastronomia-e-acessibilidade\/\"  data-colibri-id=\"45-c15\" class=\"d-flex w-100 align-items-center h-link style-402 style-local-45-c15 position-relative\"><!----><!----> <span>Saiba mais<\/span>                    <span class=\"h-svg-icon h-link__icon style-402-icon style-local-45-c15-icon\"><!--Icon by Icons8 Line Awesome (https:\/\/icons8.com\/line-awesome)--><svg version=\"1.1\" xmlns=\"http:\/\/www.w3.org\/2000\/svg\" xmlns:xlink=\"http:\/\/www.w3.org\/1999\/xlink\" id=\"angle-double-right\" viewBox=\"0 0 512 545.5\"><path d=\"M145.5 108.5l168 168L325 288l-11.5 11.5-168 168-22.5-23L279.5 288 123 131.5zm112 0l168 168L437 288l-11.5 11.5-168 168-22.5-23L391.5 288 235 131.5z\"><\/path><\/svg><\/span><\/a>\r\n                    <\/span>\r\n                  <\/div>\r\n                <\/div>\r\n              <\/div>\r\n            <\/div>\r\n          <\/div>\r\n          <div class=\"h-column h-column-container d-flex h-col-lg-4 h-col-md-4 h-col-12 style-397-outer style-local-45-c16-outer\">\r\n            <div data-colibri-id=\"45-c16\" class=\"d-flex h-flex-basis h-column__inner h-px-lg-3 h-px-md-3 h-px-2 v-inner-lg-3 v-inner-md-3 v-inner-2 style-397 style-local-45-c16 position-relative\">\r\n              <!---->\r\n              <!---->\r\n              <div class=\"w-100 h-y-container h-column__content h-column__v-align flex-basis-100 align-self-lg-start align-self-md-start align-self-start\">\r\n                <!---->\r\n                <div data-colibri-id=\"45-c17\" class=\"h-icon style-398 style-local-45-c17 position-relative h-element\">\r\n                  <!----><span class=\"h-svg-icon h-icon__icon style-398-icon style-local-45-c17-icon\"><!--Icon by Font Awesome (https:\/\/fontawesome.com)-->\r\n    <svg version=\"1.1\" xmlns=\"http:\/\/www.w3.org\/2000\/svg\" xmlns:xlink=\"http:\/\/www.w3.org\/1999\/xlink\" id=\"bar-chart-o\" viewBox=\"0 0 2048 1896.0833\">\r\n      <path d=\"M640 896v512H384V896h256zm384-512v1024H768V384h256zm1024 1152v128H0V128h128v1408h1920zm-640-896v768h-256V640h256zm384-384v1152h-256V256h256z\"><\/path>\r\n    <\/svg><\/span><\/div>\r\n                <div data-colibri-id=\"45-c18\" class=\"h-global-transition-all h-heading style-399 style-local-45-c18 position-relative h-element\">\r\n                  <!---->\r\n                  <div class=\"h-heading__outer style-399 style-local-45-c18\">\r\n                    <!---->\r\n                    <!---->\r\n                    <h5 class=\"\">fundo\r\n                      <br>endowments<\/h5>\r\n                  <\/div>\r\n                <\/div>\r\n                <div data-colibri-id=\"45-c19\" class=\"h-text h-text-component style-400 style-local-45-c19 position-relative h-element\">\r\n                  <!---->\r\n                  <!---->\r\n                  <div class=\"\">\r\n                    <p><span style=\"font-weight: 400; font-size: 16px; font-family: &quot;Open Sans&quot;; color: rgb(102, 102, 102);\">Estrutura\u00e7\u00e3o de fundos para grupos culturais, Museus e Teatros.<\/span><\/p>\r\n                  <\/div>\r\n                <\/div>\r\n                <div data-colibri-id=\"45-c20\" class=\"h-x-container style-401 style-local-45-c20 position-relative h-element\">\r\n                  <!---->\r\n                  <div class=\"h-x-container-inner style-dynamic-45-c20-group style-401-spacing style-local-45-c20-spacing\"><span class=\"h-link__outer style-402-outer style-local-45-c21-outer d-inline-flex h-element\"><a h-use-smooth-scroll=\"true\" href=\"https:\/\/maisculturanegocios.com.br\/index.php\/fundo-endowments\/\"  data-colibri-id=\"45-c21\" class=\"d-flex w-100 align-items-center h-link style-402 style-local-45-c21 position-relative\"><!----><!----> <span>Saiba mais<\/span>                    <span class=\"h-svg-icon h-link__icon style-402-icon style-local-45-c21-icon\"><!--Icon by Icons8 Line Awesome (https:\/\/icons8.com\/line-awesome)--><svg version=\"1.1\" xmlns=\"http:\/\/www.w3.org\/2000\/svg\" xmlns:xlink=\"http:\/\/www.w3.org\/1999\/xlink\" id=\"angle-double-right\" viewBox=\"0 0 512 545.5\"><path d=\"M145.5 108.5l168 168L325 288l-11.5 11.5-168 168-22.5-23L279.5 288 123 131.5zm112 0l168 168L437 288l-11.5 11.5-168 168-22.5-23L391.5 288 235 131.5z\"><\/path><\/svg><\/span><\/a>\r\n                    <\/span>\r\n                  <\/div>\r\n                <\/div>\r\n              <\/div>\r\n            <\/div>\r\n          <\/div>\r\n        <\/div>\r\n      <\/div>\r\n    <\/div>\r\n  <\/div>\r\n  <div data-colibri-component=\"section\" data-colibri-id=\"45-c22\" id=\"about-2\" class=\"h-section h-section-global-spacing d-flex align-items-lg-center align-items-md-center align-items-center style-280 style-local-45-c22 position-relative\">\r\n    <!---->\r\n    <!---->\r\n    <div class=\"h-section-grid-container h-section-boxed-container\">\r\n      <!---->\r\n      <div data-colibri-id=\"45-c23\" class=\"h-row-container gutters-row-lg-0 gutters-row-md-0 gutters-row-0 gutters-row-v-lg-0 gutters-row-v-md-0 gutters-row-v-0 style-290 style-local-45-c23 position-relative\">\r\n        <!---->\r\n        <div class=\"h-row justify-content-lg-center justify-content-md-center justify-content-center align-items-lg-stretch align-items-md-stretch align-items-stretch gutters-col-lg-0 gutters-col-md-0 gutters-col-0 gutters-col-v-lg-0 gutters-col-v-md-0 gutters-col-v-0\">\r\n          <!---->\r\n          <div class=\"h-column h-column-container d-flex h-col-lg-auto h-col-md-auto h-col-auto style-291-outer style-local-45-c24-outer\">\r\n            <div data-colibri-id=\"45-c24\" class=\"d-flex h-flex-basis h-column__inner h-px-lg-0 h-px-md-0 h-px-0 v-inner-lg-0 v-inner-md-0 v-inner-0 style-291 style-local-45-c24 position-relative\">\r\n              <!---->\r\n              <!---->\r\n              <div class=\"w-100 h-y-container h-column__content h-column__v-align flex-basis-100 align-self-lg-start align-self-md-start align-self-start\">\r\n                <!---->\r\n                <div data-colibri-id=\"45-c25\" class=\"h-text h-text-component style-293 style-local-45-c25 position-relative h-element\">\r\n                  <!---->\r\n                  <!---->\r\n                  <div class=\"\">\r\n                    <p>Somos uma equipe que planeja e executa projetos personalizados conforme solicita\u00e7\u00e3o, regras de editais ou demandas espec\u00edficas.<\/p>\r\n                  <\/div>\r\n                <\/div>\r\n              <\/div>\r\n            <\/div>\r\n          <\/div>\r\n        <\/div>\r\n      <\/div>\r\n      <div data-colibri-id=\"45-c26\" class=\"h-row-container gutters-row-lg-2 gutters-row-md-2 gutters-row-2 gutters-row-v-lg-2 gutters-row-v-md-2 gutters-row-v-2 style-281 style-local-45-c26 position-relative\">\r\n        <!---->\r\n        <div class=\"h-row justify-content-lg-center justify-content-md-center justify-content-center align-items-lg-stretch align-items-md-stretch align-items-stretch gutters-col-lg-2 gutters-col-md-2 gutters-col-2 gutters-col-v-lg-2 gutters-col-v-md-2 gutters-col-v-2\">\r\n          <!---->\r\n          <div class=\"h-column h-column-container d-flex h-col-lg-auto h-col-md-auto h-col-auto style-282-outer style-local-45-c27-outer\">\r\n            <div data-colibri-id=\"45-c27\" class=\"d-flex h-flex-basis h-column__inner h-px-lg-2 h-px-md-2 h-px-2 v-inner-lg-2 v-inner-md-2 v-inner-2 style-282 style-local-45-c27 position-relative\">\r\n              <!---->\r\n              <!---->\r\n              <div class=\"w-100 h-y-container h-column__content h-column__v-align flex-basis-100 align-self-lg-center align-self-md-center align-self-center\">\r\n                <!---->\r\n                <div data-colibri-id=\"45-c28\" class=\"h-global-transition-all h-heading style-283 style-local-45-c28 position-relative h-element\">\r\n                  <!---->\r\n                  <div class=\"h-heading__outer style-283 style-local-45-c28\">\r\n                    <!---->\r\n                    <!---->\r\n                    <h4 class=\"\">Mais Cultura Neg\u00f3cios&nbsp;<\/h4>\r\n                  <\/div>\r\n                <\/div>\r\n                <div data-colibri-id=\"45-c29\" class=\"h-global-transition-all h-heading style-284 style-local-45-c29 position-relative h-element\">\r\n                  <!---->\r\n                  <div class=\"h-heading__outer style-284 style-local-45-c29\">\r\n                    <!---->\r\n                    <!---->\r\n                    <h3 class=\"\">Uma nova forma de criar, entregar e capturar valor,\r\n                      <br>a partir da transforma\u00e7\u00e3o digital e melhores pr\u00e1ticas em ESG.<\/h3>\r\n                  <\/div>\r\n                <\/div>\r\n                <div data-colibri-id=\"45-c30\" class=\"h-text h-text-component style-285 style-local-45-c30 position-relative h-element\">\r\n                  <!---->\r\n                  <!---->\r\n                  <div class=\"\">\r\n                    <p><span style=\"color: rgb(102, 102, 102); font-family: &quot;Open Sans&quot;; font-size: 20px; font-weight: 300;\">Esse novo contexto, exige das empresas brasileiras a capacidade de elaborar estrat\u00e9gias competitivas mais efetivas, para que possam lidar, atuar e conduzir neg\u00f3cios<\/span>.<\/p>\r\n                  <\/div>\r\n                <\/div>\r\n              <\/div>\r\n            <\/div>\r\n          <\/div>\r\n          <div class=\"h-column h-column-container d-flex h-col-lg-auto h-col-md-auto h-col-auto style-288-outer style-local-45-c31-outer\">\r\n            <div data-colibri-id=\"45-c31\" class=\"d-flex h-flex-basis h-column__inner h-px-lg-2 h-px-md-2 h-px-2 v-inner-lg-2 v-inner-md-2 v-inner-2 style-288 style-local-45-c31 position-relative\">\r\n              <!---->\r\n              <!---->\r\n              <div class=\"w-100 h-y-container h-column__content h-column__v-align flex-basis-100 align-self-lg-center align-self-md-center align-self-center\">\r\n                <!---->\r\n                <div data-colibri-id=\"45-c32\" class=\"d-block style-289 style-local-45-c32 position-relative h-element\">\r\n                  <!---->\r\n                  <div class=\"h-image__frame-container-outer\">\r\n                    <div class=\"h-image__frame-container\">\r\n                      <!---->\r\n                      <!---->\r\n                      <img loading=\"lazy\" decoding=\"async\" width=\"1135\" height=\"734\" src=\"https:\/\/maisculturanegocios.com.br\/wp-content\/uploads\/2022\/09\/cropped-img-pag2-1.jpg\" class=\"wp-image-549 style-289-image style-local-45-c32-image\" alt=\"\" srcset=\"https:\/\/maisculturanegocios.com.br\/wp-content\/uploads\/2022\/09\/cropped-img-pag2-1.jpg 1135w, https:\/\/maisculturanegocios.com.br\/wp-content\/uploads\/2022\/09\/cropped-img-pag2-1-300x194.jpg 300w, https:\/\/maisculturanegocios.com.br\/wp-content\/uploads\/2022\/09\/cropped-img-pag2-1-1024x662.jpg 1024w, https:\/\/maisculturanegocios.com.br\/wp-content\/uploads\/2022\/09\/cropped-img-pag2-1-768x497.jpg 768w\" sizes=\"auto, (max-width: 1135px) 100vw, 1135px\" \/>\r\n                      <div class=\"h-image__frame h-image__frame_shadow h-hide-lg h-hide-md h-hide-sm style-289-frameImage style-local-45-c32-frameImage\"><\/div>\r\n                    <\/div>\r\n                  <\/div>\r\n                <\/div>\r\n              <\/div>\r\n            <\/div>\r\n          <\/div>\r\n        <\/div>\r\n      <\/div>\r\n    <\/div>\r\n  <\/div>\r\n<\/div>","protected":false},"excerpt":{"rendered":"<p>eventos carbono neutro Invent\u00e1rio, gest\u00e3o&nbsp;das emiss\u00f5es de Gases de Efeito Estufa (GEE) e certificado carbono neutro. Saiba mais Arte e acessibilidade Cria\u00e7\u00e3o, elabora\u00e7\u00e3o e gest\u00e3o de projetos culturais para editais. Saiba mais fundo endowments Estrutura\u00e7\u00e3o de fundos para grupos culturais, Museus e Teatros. Saiba mais Somos uma equipe que planeja e executa projetos personalizados conforme [&hellip;]<\/p>\n","protected":false},"author":1,"featured_media":0,"parent":0,"menu_order":0,"comment_status":"closed","ping_status":"closed","template":"page-templates\/full-width-page.php","meta":{"_monsterinsights_skip_tracking":false,"_monsterinsights_sitenote_active":false,"_monsterinsights_sitenote_note":"","_monsterinsights_sitenote_category":0,"footnotes":""},"class_list":["post-45","page","type-page","status-publish","hentry"],"aioseo_notices":[],"_links":{"self":[{"href":"https:\/\/maisculturanegocios.com.br\/index.php\/wp-json\/wp\/v2\/pages\/45","targetHints":{"allow":["GET"]}}],"collection":[{"href":"https:\/\/maisculturanegocios.com.br\/index.php\/wp-json\/wp\/v2\/pages"}],"about":[{"href":"https:\/\/maisculturanegocios.com.br\/index.php\/wp-json\/wp\/v2\/types\/page"}],"author":[{"embeddable":true,"href":"https:\/\/maisculturanegocios.com.br\/index.php\/wp-json\/wp\/v2\/users\/1"}],"replies":[{"embeddable":true,"href":"https:\/\/maisculturanegocios.com.br\/index.php\/wp-json\/wp\/v2\/comments?post=45"}],"version-history":[{"count":20,"href":"https:\/\/maisculturanegocios.com.br\/index.php\/wp-json\/wp\/v2\/pages\/45\/revisions"}],"predecessor-version":[{"id":1433,"href":"https:\/\/maisculturanegocios.com.br\/index.php\/wp-json\/wp\/v2\/pages\/45\/revisions\/1433"}],"wp:attachment":[{"href":"https:\/\/maisculturanegocios.com.br\/index.php\/wp-json\/wp\/v2\/media?parent=45"}],"curies":[{"name":"wp","href":"https:\/\/api.w.org\/{rel}","templated":true}]}}