{"id":46,"date":"2022-09-05T23:11:01","date_gmt":"2022-09-05T23:11:01","guid":{"rendered":"https:\/\/maisculturanegocios.com.br\/?page_id=46"},"modified":"2024-10-30T23:56:04","modified_gmt":"2024-10-30T23:56:04","slug":"projetos","status":"publish","type":"page","link":"https:\/\/maisculturanegocios.com.br\/index.php\/projetos\/","title":{"rendered":"Projetos"},"content":{"rendered":"<div data-colibri-id=\"46-c1\" class=\"style-310 style-local-46-c1 position-relative\">\n  <!---->\n  <div data-colibri-component=\"section\" data-colibri-id=\"46-c2\" id=\"overlappable\" class=\"h-section h-section-global-spacing d-flex align-items-lg-center align-items-md-center align-items-center style-311 style-local-46-c2 position-relative\">\n    <!---->\n    <!---->\n    <div class=\"h-section-grid-container h-section-fluid-container\">\n      <!---->\n      <div data-colibri-id=\"46-c3\" class=\"h-row-container gutters-row-lg-1 gutters-row-md-0 gutters-row-2 gutters-row-v-lg-1 gutters-row-v-md-0 gutters-row-v-1 style-312 style-local-46-c3 position-relative\">\n        <!---->\n        <div class=\"h-row justify-content-lg-center justify-content-md-center justify-content-center align-items-lg-center align-items-md-center align-items-center gutters-col-lg-1 gutters-col-md-0 gutters-col-2 gutters-col-v-lg-1 gutters-col-v-md-0 gutters-col-v-1\">\n          <!---->\n          <div class=\"h-column h-column-container d-flex h-col-lg-3 h-col-md-3 h-col-12 align-self-lg-center align-self-md-center align-self-center style-313-outer style-local-46-c4-outer\">\n            <div data-colibri-id=\"46-c4\" class=\"d-flex h-flex-basis h-column__inner h-px-lg-2 h-px-md-3 h-px-2 v-inner-lg-0 v-inner-md-3 v-inner-2 style-313 style-local-46-c4 position-relative\">\n              <!---->\n              <!---->\n              <div class=\"w-100 h-y-container h-column__content h-column__v-align flex-basis-100 align-self-lg-start align-self-md-start align-self-start\">\n                <!---->\n                <div data-colibri-id=\"46-c5\" class=\"d-block style-323 style-local-46-c5 position-relative h-element\">\n                  <!---->\n                  <div class=\"h-image__frame-container-outer\">\n                    <div class=\"h-image__frame-container\">\n                      <!---->\n                      <!---->\n                      <img loading=\"lazy\" decoding=\"async\" width=\"241\" height=\"266\" src=\"https:\/\/maisculturanegocios.com.br\/wp-content\/uploads\/2022\/09\/cropped-mulheressa.png\" class=\"wp-image-600 style-323-image style-local-46-c5-image\" alt=\"mulheres sa\" \/>\n                      <div class=\"h-image__frame h-hide-lg h-hide-md h-hide-sm style-323-frameImage style-local-46-c5-frameImage\"><\/div>\n                    <\/div>\n                  <\/div>\n                <\/div>\n                <div data-colibri-id=\"46-c6\" class=\"h-global-transition-all h-heading style-315 style-local-46-c6 position-relative h-element\">\n                  <!---->\n                  <div class=\"h-heading__outer style-315 style-local-46-c6\">\n                    <!---->\n                    <!---->\n                    <h6 class=\"\">Mulheres S\/A<\/h6>\n                  <\/div>\n                <\/div>\n                <div data-colibri-id=\"46-c7\" class=\"h-text h-text-component style-316 style-local-46-c7 position-relative h-element\">\n                  <!---->\n                  <!---->\n                  <div class=\"\">\n                    <p>Organiza\u00e7\u00e3o da sociedade civil que surgiu da necessidade de unir mulheres para ajuda m\u00fatua, formar uma rede s\u00f3lida e promo\u00e7\u00e3o do empreendedorismo feminino. Ponto de Cultura certificado pelo Minist\u00e9rio da Cultura.<\/p>\n                  <\/div>\n                <\/div>\n                <div data-colibri-id=\"46-c8\" class=\"h-x-container style-332 style-local-46-c8 position-relative h-element\">\n                  <!---->\n                  <div class=\"h-x-container-inner style-dynamic-46-c8-group style-332-spacing style-local-46-c8-spacing\"><span class=\"h-link__outer style-333-outer style-local-46-c9-outer d-inline-flex h-element\"><a h-use-smooth-scroll=\"true\" href=\"https:\/\/mulheressa.org\" target=\"_blank\" data-colibri-id=\"46-c9\" class=\"d-flex w-100 align-items-center h-link style-333 style-local-46-c9 position-relative\" rel=\"noopener\"><!----><span  class=\"h-svg-icon h-link__icon style-333-icon style-local-46-c9-icon\"><!--Icon by Font Awesome (https:\/\/fontawesome.com)-->\n    <svg version=\"1.1\" xmlns=\"http:\/\/www.w3.org\/2000\/svg\" xmlns:xlink=\"http:\/\/www.w3.org\/1999\/xlink\" id=\"search-plus\" viewBox=\"0 0 1672.5686 1896.0833\">\n      <path d=\"M1024 800v64q0 13-9.5 22.5T992 896H768v224q0 13-9.5 22.5T736 1152h-64q-13 0-22.5-9.5T640 1120V896H416q-13 0-22.5-9.5T384 864v-64q0-13 9.5-22.5T416 768h224V544q0-13 9.5-22.5T672 512h64q13 0 22.5 9.5T768 544v224h224q13 0 22.5 9.5t9.5 22.5zm128 32q0-185-131.5-316.5T704 384 387.5 515.5 256 832t131.5 316.5T704 1280t316.5-131.5T1152 832zm512 832q0 53-37.5 90.5T1536 1792q-54 0-90-38l-343-342q-179 124-399 124-143 0-273.5-55.5t-225-150-150-225T0 832t55.5-273.5 150-225 225-150T704 128t273.5 55.5 225 150 150 225T1408 832q0 220-124 399l343 343q37 37 37 90z\"><\/path>\n    <\/svg><\/span> <span>mulheressa.org.br<\/span><\/a>\n                    <\/span>\n                  <\/div>\n                <\/div>\n              <\/div>\n            <\/div>\n          <\/div>\n          <div class=\"h-column h-column-container d-flex h-col-lg-3 h-col-md-3 h-col-12 align-self-lg-center align-self-md-center align-self-center style-313-outer style-local-46-c10-outer\">\n            <div data-colibri-id=\"46-c10\" class=\"d-flex h-flex-basis h-column__inner h-px-lg-2 h-px-md-3 h-px-2 v-inner-lg-0 v-inner-md-3 v-inner-2 style-313 style-local-46-c10 position-relative\">\n              <!---->\n              <!---->\n              <div class=\"w-100 h-y-container h-column__content h-column__v-align flex-basis-100 align-self-lg-start align-self-md-start align-self-start\">\n                <!---->\n                <div data-colibri-id=\"46-c11\" class=\"d-block style-320 style-local-46-c11 position-relative h-element\">\n                  <!---->\n                  <div class=\"h-image__frame-container-outer\">\n                    <div class=\"h-image__frame-container\">\n                      <!---->\n                      <!---->\n                      <img loading=\"lazy\" decoding=\"async\" width=\"247\" height=\"108\" src=\"https:\/\/maisculturanegocios.com.br\/wp-content\/uploads\/2023\/07\/cropped-marca-png-1.png\" class=\"wp-image-770 style-320-image style-local-46-c11-image\" alt=\"\" \/>\n                      <div class=\"h-image__frame h-hide-lg h-hide-md h-hide-sm style-320-frameImage style-local-46-c11-frameImage\"><\/div>\n                    <\/div>\n                  <\/div>\n                <\/div>\n                <div data-colibri-id=\"46-c12\" class=\"h-global-transition-all h-heading style-315 style-local-46-c12 position-relative h-element\">\n                  <!---->\n                  <div class=\"h-heading__outer style-315 style-local-46-c12\">\n                    <!---->\n                    <!---->\n                    <h6 class=\"\">latus<\/h6>\n                  <\/div>\n                <\/div>\n                <div data-colibri-id=\"46-c13\" class=\"h-text h-text-component style-316 style-local-46-c13 position-relative h-element\">\n                  <!---->\n                  <!---->\n                  <div class=\"\">\n                    <p>Workshop em 2018 e plataforma de educa\u00e7\u00e3o direcionada para acessibilidade digital. O objetivo \u00e9 permitir reflex\u00e3o sobre a transforma\u00e7\u00e3o digital, como foco na inclus\u00e3o de pessoas com defici\u00eancia (PcD) e no uso de tecnologias digitais\n                      assistivas.<\/p>\n                  <\/div>\n                <\/div>\n                <div data-colibri-id=\"46-c14\" class=\"h-x-container style-328 style-local-46-c14 position-relative h-element\">\n                  <!---->\n                  <div class=\"h-x-container-inner style-dynamic-46-c14-group style-328-spacing style-local-46-c14-spacing\"><span class=\"h-link__outer style-329-outer style-local-46-c15-outer d-inline-flex h-element\"><a h-use-smooth-scroll=\"true\" href=\"https:\/\/latusaccessibility.com.br\" target=\"_blank\" data-colibri-id=\"46-c15\" class=\"d-flex w-100 align-items-center h-link style-329 style-local-46-c15 position-relative\" rel=\"noopener\"><!----><span  class=\"h-svg-icon h-link__icon style-329-icon style-local-46-c15-icon\"><!--Icon by Font Awesome (https:\/\/fontawesome.com)-->\n    <svg version=\"1.1\" xmlns=\"http:\/\/www.w3.org\/2000\/svg\" xmlns:xlink=\"http:\/\/www.w3.org\/1999\/xlink\" id=\"comments\" viewBox=\"0 0 1792 1896.0833\">\n      <path d=\"M1408 768q0 139-94 257t-256.5 186.5T704 1280q-86 0-176-16-124 88-278 128-36 9-86 16h-3q-11 0-20.5-8t-11.5-21q-1-3-1-6.5t.5-6.5 2-6l2.5-5 3.5-5.5 4-5 4.5-5 4-4.5q5-6 23-25t26-29.5 22.5-29 25-38.5 20.5-44q-124-72-195-177T0 768q0-139 94-257t256.5-186.5T704 256t353.5 68.5T1314 511t94 257zm384 256q0 120-71 224.5T1526 1425q10 24 20.5 44t25 38.5 22.5 29 26 29.5 23 25q1 1 4 4.5t4.5 5 4 5 3.5 5.5l2.5 5 2 6 .5 6.5-1 6.5q-3 14-13 22t-22 7q-50-7-86-16-154-40-278-128-90 16-176 16-271 0-472-132 58 4 88 4 161 0 309-45t264-129q125-92 192-212t67-254q0-77-23-152 129 71 204 178t75 230z\"><\/path>\n    <\/svg><\/span> <span>latusaccessibility.com.br<\/span><\/a>\n                    <\/span>\n                  <\/div>\n                <\/div>\n              <\/div>\n            <\/div>\n          <\/div>\n          <div class=\"h-column h-column-container d-flex h-col-lg-3 h-col-md-3 h-col-12 align-self-lg-center align-self-md-center align-self-center style-318-outer style-local-46-c16-outer\">\n            <div data-colibri-id=\"46-c16\" class=\"d-flex h-flex-basis h-column__inner h-px-lg-1 h-px-md-1 h-px-1 v-inner-lg-1 v-inner-md-1 v-inner-1 style-318 style-local-46-c16 position-relative\">\n              <!---->\n              <!---->\n              <div class=\"w-100 h-y-container h-column__content h-column__v-align flex-basis-100 align-self-lg-start align-self-md-start align-self-start\">\n                <!---->\n                <div data-colibri-id=\"46-c17\" class=\"d-block style-322 style-local-46-c17 position-relative h-element\">\n                  <!---->\n                  <div class=\"h-image__frame-container-outer\">\n                    <div class=\"h-image__frame-container\">\n                      <!---->\n                      <!---->\n                      <img loading=\"lazy\" decoding=\"async\" width=\"243\" height=\"274\" src=\"https:\/\/maisculturanegocios.com.br\/wp-content\/uploads\/2022\/09\/cropped-artegrafite_imgpro.png\" class=\"wp-image-656 style-322-image style-local-46-c17-image\" alt=\"\" \/>\n                      <div class=\"h-image__frame h-hide-lg h-hide-md h-hide-sm style-322-frameImage style-local-46-c17-frameImage\"><\/div>\n                    <\/div>\n                  <\/div>\n                <\/div>\n                <div data-colibri-id=\"46-c18\" class=\"h-global-transition-all h-heading style-324 style-local-46-c18 position-relative h-element\">\n                  <!---->\n                  <div class=\"h-heading__outer style-324 style-local-46-c18\">\n                    <!---->\n                    <!---->\n                    <h5 class=\"\">ARTEGRAFITE<\/h5>\n                  <\/div>\n                <\/div>\n                <div data-colibri-id=\"46-c19\" class=\"h-text h-text-component style-325 style-local-46-c19 position-relative h-element\">\n                  <!---->\n                  <!---->\n                  <div class=\"\">\n                    <p>Projeto cultural de impacto social realizado em 2014\/2015 nas comunidades vulner\u00e1veis\n                      <br>no entorno de Belo Horizonte\/MG. Patrocinado pelo Fundo Municipal PBH.&nbsp;Tentando apoio para continuidade do projeto.<\/p>\n                  <\/div>\n                <\/div>\n                <div data-colibri-id=\"46-c20\" class=\"h-x-container style-326 style-local-46-c20 position-relative h-element\">\n                  <!---->\n                  <div class=\"h-x-container-inner style-dynamic-46-c20-group style-326-spacing style-local-46-c20-spacing\"><span class=\"h-link__outer style-327-outer style-local-46-c21-outer d-inline-flex h-element\"><a h-use-smooth-scroll=\"true\" href=\"https:\/\/www.facebook.com\/arteegrafitte\" target=\"_blank\" data-colibri-id=\"46-c21\" class=\"d-flex w-100 align-items-center h-link style-327 style-local-46-c21 position-relative\" rel=\"noopener\"><!----><span  class=\"h-svg-icon h-link__icon style-327-icon style-local-46-c21-icon\"><!--Icon by Font Awesome (https:\/\/fontawesome.com)-->\n    <svg version=\"1.1\" xmlns=\"http:\/\/www.w3.org\/2000\/svg\" xmlns:xlink=\"http:\/\/www.w3.org\/1999\/xlink\" id=\"facebook-square\" viewBox=\"0 0 1536 1896.0833\">\n      <path d=\"M1248 128q119 0 203.5 84.5T1536 416v960q0 119-84.5 203.5T1248 1664h-188v-595h199l30-232h-229V689q0-56 23.5-84t91.5-28l122-1V369q-63-9-178-9-136 0-217.5 80T820 666v171H620v232h200v595H288q-119 0-203.5-84.5T0 1376V416q0-119 84.5-203.5T288 128h960z\"><\/path>\n    <\/svg><\/span> <span>facebook.com\/arteegrafitte<\/span><\/a>\n                    <\/span>\n                  <\/div>\n                <\/div>\n              <\/div>\n            <\/div>\n          <\/div>\n          <div class=\"h-column h-column-container d-flex h-col-lg-3 h-col-md-3 h-col-12 align-self-lg-center align-self-md-center align-self-center style-355-outer style-local-46-c22-outer\">\n            <div data-colibri-id=\"46-c22\" class=\"d-flex h-flex-basis h-column__inner h-px-lg-1 h-px-md-1 h-px-1 v-inner-lg-1 v-inner-md-1 v-inner-1 style-355 style-local-46-c22 position-relative\">\n              <!---->\n              <!---->\n              <div class=\"w-100 h-y-container h-column__content h-column__v-align flex-basis-100 align-self-lg-center align-self-md-center align-self-center\">\n                <!---->\n                <div data-colibri-id=\"46-c23\" class=\"d-block style-356 style-local-46-c23 position-relative h-element\">\n                  <!---->\n                  <div class=\"h-image__frame-container-outer\">\n                    <div class=\"h-image__frame-container\">\n                      <!---->\n                      <!---->\n                      <img loading=\"lazy\" decoding=\"async\" width=\"532\" height=\"151\" src=\"https:\/\/maisculturanegocios.com.br\/wp-content\/uploads\/2023\/07\/cropped-cropped-logo-b2black.png\" class=\"wp-image-791 style-356-image style-local-46-c23-image\" alt=\"B2black\" srcset=\"https:\/\/maisculturanegocios.com.br\/wp-content\/uploads\/2023\/07\/cropped-cropped-logo-b2black.png 532w, https:\/\/maisculturanegocios.com.br\/wp-content\/uploads\/2023\/07\/cropped-cropped-logo-b2black-300x85.png 300w\" sizes=\"auto, (max-width: 532px) 100vw, 532px\" \/>\n                      <div class=\"h-image__frame h-hide-lg h-hide-md h-hide-sm style-356-frameImage style-local-46-c23-frameImage\"><\/div>\n                    <\/div>\n                  <\/div>\n                <\/div>\n                <div data-colibri-id=\"46-c24\" class=\"h-global-transition-all h-heading style-358 style-local-46-c24 position-relative h-element\">\n                  <!---->\n                  <div class=\"h-heading__outer style-358 style-local-46-c24\">\n                    <!---->\n                    <!---->\n                    <h5 class=\"\">B2BLACK<\/h5>\n                  <\/div>\n                <\/div>\n                <div data-colibri-id=\"46-c25\" class=\"h-text h-text-component style-357 style-local-46-c25 position-relative h-element\">\n                  <!---->\n                  <!---->\n                  <div class=\"\">\n                    <p>Plataforma de autogest\u00e3o para empr\u00e9stimo respons\u00e1vel de valores a mulheres em situa\u00e7\u00e3o de vulnerabilidade. Os valores emprestados, o\n                      <br>uso dos mesmos e os pagamentos das parcelas ser\u00e3o acess\u00edveis \u00e0 todas as participantes do projeto e seus investidores.<\/p>\n                  <\/div>\n                <\/div>\n                <div data-colibri-id=\"46-c26\" class=\"h-x-container style-359 style-local-46-c26 position-relative h-element\">\n                  <!---->\n                  <div class=\"h-x-container-inner style-dynamic-46-c26-group style-359-spacing style-local-46-c26-spacing\"><span class=\"h-link__outer style-360-outer style-local-46-c27-outer d-inline-flex h-element\"><a h-use-smooth-scroll=\"true\" href=\"https:\/\/b2black.com.br\" target=\"_blank\" data-colibri-id=\"46-c27\" class=\"d-flex w-100 align-items-center h-link style-360 style-local-46-c27 position-relative\" rel=\"noopener\"><!----><span  class=\"h-svg-icon h-link__icon style-360-icon style-local-46-c27-icon\"><!--Icon by Font Awesome (https:\/\/fontawesome.com)-->\n    <svg version=\"1.1\" xmlns=\"http:\/\/www.w3.org\/2000\/svg\" xmlns:xlink=\"http:\/\/www.w3.org\/1999\/xlink\" id=\"check-square-o\" viewBox=\"0 0 1664 1896.0833\">\n      <path d=\"M1408 930v318q0 119-84.5 203.5T1120 1536H288q-119 0-203.5-84.5T0 1248V416q0-119 84.5-203.5T288 128h832q63 0 117 25 15 7 18 23 3 17-9 29l-49 49q-10 10-23 10-3 0-9-2-23-6-45-6H288q-66 0-113 47t-47 113v832q0 66 47 113t113 47h832q66 0 113-47t47-113V994q0-13 9-22l64-64q10-10 23-10 6 0 12 3 20 8 20 29zm231-489l-814 814q-24 24-57 24t-57-24L281 825q-24-24-24-57t24-57l110-110q24-24 57-24t57 24l263 263 647-647q24-24 57-24t57 24l110 110q24 24 24 57t-24 57z\"><\/path>\n    <\/svg><\/span> <span>b2black.com.br<\/span><\/a>\n                    <\/span>\n                  <\/div>\n                <\/div>\n              <\/div>\n            <\/div>\n          <\/div>\n        <\/div>\n      <\/div>\n    <\/div>\n  <\/div>\n<\/div>","protected":false},"excerpt":{"rendered":"<p>Mulheres S\/A Organiza\u00e7\u00e3o da sociedade civil que surgiu da necessidade de unir mulheres para ajuda m\u00fatua, formar uma rede s\u00f3lida e promo\u00e7\u00e3o do empreendedorismo feminino. Ponto de Cultura certificado pelo Minist\u00e9rio da Cultura. mulheressa.org.br latus Workshop em 2018 e plataforma de educa\u00e7\u00e3o direcionada para acessibilidade digital. O objetivo \u00e9 permitir reflex\u00e3o sobre a transforma\u00e7\u00e3o digital, [&hellip;]<\/p>\n","protected":false},"author":1,"featured_media":0,"parent":0,"menu_order":0,"comment_status":"closed","ping_status":"closed","template":"page-templates\/full-width-page.php","meta":{"_monsterinsights_skip_tracking":false,"_monsterinsights_sitenote_active":false,"_monsterinsights_sitenote_note":"","_monsterinsights_sitenote_category":0,"footnotes":""},"class_list":["post-46","page","type-page","status-publish","hentry"],"aioseo_notices":[],"_links":{"self":[{"href":"https:\/\/maisculturanegocios.com.br\/index.php\/wp-json\/wp\/v2\/pages\/46","targetHints":{"allow":["GET"]}}],"collection":[{"href":"https:\/\/maisculturanegocios.com.br\/index.php\/wp-json\/wp\/v2\/pages"}],"about":[{"href":"https:\/\/maisculturanegocios.com.br\/index.php\/wp-json\/wp\/v2\/types\/page"}],"author":[{"embeddable":true,"href":"https:\/\/maisculturanegocios.com.br\/index.php\/wp-json\/wp\/v2\/users\/1"}],"replies":[{"embeddable":true,"href":"https:\/\/maisculturanegocios.com.br\/index.php\/wp-json\/wp\/v2\/comments?post=46"}],"version-history":[{"count":20,"href":"https:\/\/maisculturanegocios.com.br\/index.php\/wp-json\/wp\/v2\/pages\/46\/revisions"}],"predecessor-version":[{"id":1581,"href":"https:\/\/maisculturanegocios.com.br\/index.php\/wp-json\/wp\/v2\/pages\/46\/revisions\/1581"}],"wp:attachment":[{"href":"https:\/\/maisculturanegocios.com.br\/index.php\/wp-json\/wp\/v2\/media?parent=46"}],"curies":[{"name":"wp","href":"https:\/\/api.w.org\/{rel}","templated":true}]}}