{"id":735,"date":"2022-09-26T14:16:08","date_gmt":"2022-09-26T14:16:08","guid":{"rendered":"https:\/\/maisculturanegocios.com.br\/?page_id=735"},"modified":"2023-08-14T19:38:02","modified_gmt":"2023-08-14T19:38:02","slug":"contato","status":"publish","type":"page","link":"https:\/\/maisculturanegocios.com.br\/index.php\/contato\/","title":{"rendered":"Contato"},"content":{"rendered":"<div data-colibri-id=\"735-c1\" class=\"style-338 style-local-735-c1 position-relative\">\r\n  <!---->\r\n  <div data-colibri-component=\"section\" data-colibri-id=\"735-c2\" id=\"contact\" class=\"h-section h-section-global-spacing d-flex align-items-lg-start align-items-md-start align-items-start style-339 style-local-735-c2 position-relative\">\r\n    <!---->\r\n    <!---->\r\n    <div class=\"h-section-grid-container h-section-boxed-container\">\r\n      <div data-colibri-id=\"735-c13\" class=\"h-row-container gutters-row-lg-2 gutters-row-md-2 gutters-row-0 gutters-row-v-lg-2 gutters-row-v-md-2 gutters-row-v-2 style-350 style-local-735-c13 position-relative\">\r\n        <!---->\r\n        <div class=\"h-row justify-content-lg-center justify-content-md-center justify-content-center align-items-lg-stretch align-items-md-stretch align-items-stretch gutters-col-lg-2 gutters-col-md-2 gutters-col-0 gutters-col-v-lg-2 gutters-col-v-md-2 gutters-col-v-2\">\r\n          <!---->\r\n          <div class=\"h-column h-column-container d-flex h-col-lg-auto h-col-md-auto h-col-auto style-351-outer style-local-735-c14-outer\">\r\n            <div data-colibri-id=\"735-c14\" class=\"d-flex h-flex-basis h-column__inner h-px-lg-2 h-px-md-2 h-px-2 v-inner-lg-2 v-inner-md-2 v-inner-2 style-351 style-local-735-c14 position-relative\">\r\n              <!---->\r\n              <!---->\r\n              <div class=\"w-100 h-y-container h-column__content h-column__v-align flex-basis-100 align-self-lg-start align-self-md-start align-self-start\">\r\n                <!---->\r\n                <div data-colibri-id=\"735-c15\" class=\"h-global-transition-all h-heading style-352 style-local-735-c15 position-relative h-element\">\r\n                  <!---->\r\n                  <div class=\"h-heading__outer style-352 style-local-735-c15\">\r\n                    <!---->\r\n                    <!---->\r\n                    <h2 class=\"\">Vamos conversar!<\/h2>\r\n                  <\/div>\r\n                <\/div>\r\n                <div data-colibri-id=\"735-c16\" class=\"h-text h-text-component style-353 style-local-735-c16 position-relative h-element\">\r\n                  <!---->\r\n                  <!---->\r\n                  <div class=\"\">\r\n                    <p>Agende uma reuni\u00e3o para conhecer nossos servi\u00e7os e n\u00e3o perca a oportunidade de lan\u00e7ar seu projeto ou neg\u00f3cio de forma mais assertiva.<\/p>\r\n                  <\/div>\r\n                <\/div>\r\n              <\/div>\r\n            <\/div>\r\n          <\/div>\r\n        <\/div>\r\n      <\/div>\r\n      <div data-colibri-id=\"735-c3\" class=\"h-row-container gutters-row-lg-0 gutters-row-md-0 gutters-row-2 gutters-row-v-lg-0 gutters-row-v-md-0 gutters-row-v-2 style-340 style-local-735-c3 position-relative\">\r\n        <!---->\r\n        <div class=\"h-row justify-content-lg-center justify-content-md-center justify-content-center align-items-lg-stretch align-items-md-stretch align-items-stretch gutters-col-lg-0 gutters-col-md-0 gutters-col-2 gutters-col-v-lg-0 gutters-col-v-md-0 gutters-col-v-2\">\r\n          <!---->\r\n          <div class=\"h-column h-column-container d-flex h-col-lg-auto h-col-md-auto h-col-auto style-341-outer style-local-735-c4-outer\">\r\n            <div data-colibri-id=\"735-c4\" class=\"d-flex h-flex-basis h-column__inner h-px-lg-0 h-px-md-0 h-px-0 v-inner-lg-0 v-inner-md-0 v-inner-0 style-341 style-local-735-c4 position-relative\">\r\n              <!---->\r\n              <!---->\r\n              <div class=\"w-100 h-y-container h-column__content h-column__v-align flex-basis-100 align-self-lg-start align-self-md-start align-self-start\">\r\n                <!---->\r\n                <div data-colibri-id=\"735-c5\" class=\"h-row-container gutters-row-lg-0 gutters-row-md-0 gutters-row-0 gutters-row-v-lg-0 gutters-row-v-md-0 gutters-row-v-0 style-342 style-local-735-c5 position-relative\">\r\n                  <!---->\r\n                  <div class=\"h-row justify-content-lg-center justify-content-md-center justify-content-center align-items-lg-stretch align-items-md-stretch align-items-stretch gutters-col-lg-0 gutters-col-md-0 gutters-col-0 gutters-col-v-lg-0 gutters-col-v-md-0 gutters-col-v-0\">\r\n                    <!---->\r\n                    <div class=\"h-column h-column-container d-flex h-col-lg-auto h-col-md-auto h-col-auto style-343-outer style-local-735-c6-outer\">\r\n                      <div data-colibri-id=\"735-c6\" class=\"d-flex h-flex-basis h-column__inner h-px-lg-0 h-px-md-0 h-px-0 v-inner-lg-0 v-inner-md-0 v-inner-0 style-343 style-local-735-c6 position-relative\">\r\n                        <!---->\r\n                        <!---->\r\n                        <div class=\"w-100 h-y-container h-column__content h-column__v-align flex-basis-100 align-self-lg-center align-self-md-center align-self-center\">\r\n                          <!---->\r\n                          <div data-colibri-id=\"735-c7\" class=\"h-global-transition-all h-heading style-344 style-local-735-c7 position-relative h-element\">\r\n                            <!---->\r\n                            <div class=\"h-heading__outer style-344 style-local-735-c7\">\r\n                              <!---->\r\n                              <!---->\r\n                              <h4 class=\"\">Fale conosco!<\/h4>\r\n                            <\/div>\r\n                          <\/div>\r\n                          <div data-colibri-id=\"735-c8\" class=\"d-block style-354 style-local-735-c8 position-relative h-element\">\r\n                            <!---->\r\n                            <div class=\"h-image__frame-container-outer\">\r\n                              <div class=\"h-image__frame-container\">\r\n                                <!---->\r\n                                <!---->\r\n                                <img loading=\"lazy\" decoding=\"async\" width=\"741\" height=\"372\" src=\"https:\/\/maisculturanegocios.com.br\/wp-content\/uploads\/2023\/07\/cropped-Ativo-4@2x.png\" class=\"wp-image-778 style-354-image style-local-735-c8-image\" alt=\"15 anos\" srcset=\"https:\/\/maisculturanegocios.com.br\/wp-content\/uploads\/2023\/07\/cropped-Ativo-4@2x.png 741w, https:\/\/maisculturanegocios.com.br\/wp-content\/uploads\/2023\/07\/cropped-Ativo-4@2x-300x151.png 300w\" sizes=\"auto, (max-width: 741px) 100vw, 741px\" \/>\r\n                                <div class=\"h-image__frame h-hide-lg h-hide-md h-hide-sm style-354-frameImage style-local-735-c8-frameImage\"><\/div>\r\n                              <\/div>\r\n                            <\/div>\r\n                          <\/div>\r\n                          <div data-colibri-id=\"735-c9\" class=\"h-global-transition-all h-heading style-346 style-local-735-c9 position-relative h-element\">\r\n                            <!---->\r\n                            <div class=\"h-heading__outer style-346 style-local-735-c9\">\r\n                              <!---->\r\n                              <!---->\r\n                              <h6 class=\"\">Fa\u00e7a contato e venha conversar conosco!<\/h6>\r\n                            <\/div>\r\n                          <\/div>\r\n                          <div data-colibri-id=\"735-c10\" class=\"style-347 style-local-735-c10 position-relative h-element\">\r\n                            <!---->\r\n                            <div class=\"d-flex flex-wrap h-social-icons justify-content-lg-center justify-content-md-center justify-content-center\">\r\n                              <div class=\"social-icon-container d-inline-flex\">\r\n                                <a href=\"https:\/\/www.instagram.com\/maisculturanegocios\/\" h-use-smooth-scroll=\"true\">\r\n                                  <div class=\"icon-container h-social-icon h-global-transition\">\r\n                                    <div class=\"h-icon-svg\" style=\"width: 100%; height: 100%;\">\r\n                                      <!--Icon by Socicon (http:\/\/www.socicon.com)-->\r\n                                      <svg version=\"1.1\" xmlns=\"http:\/\/www.w3.org\/2000\/svg\" viewBox=\"0 0 1500 1500\">\r\n\r\n                                        <path d=\"M750 134.766c202.148 0 222.656 2.93 301.758 5.859 76.172 2.93 114.258 14.648 140.625 23.438 35.156 14.648 61.523 32.227 84.961 55.664 26.367 26.367 43.945 52.734 55.664 84.961 11.719 29.297 23.438 67.383 26.367 140.625 2.93 82.031 5.859 102.539 5.859 304.688s-2.93 222.656-5.859 301.758c-2.93 76.172-14.648 114.258-23.438 140.625-14.648 35.156-32.227 61.523-55.664 84.961-26.367 26.367-52.734 43.945-84.961 55.664-29.297 11.719-67.383 23.438-140.625 26.367-82.031 2.93-102.539 5.859-304.688 5.859s-222.656-2.93-301.758-5.859c-76.172-2.93-114.258-14.648-140.625-23.438-35.156-14.648-61.523-32.227-84.961-55.664-26.367-26.367-43.945-52.734-55.664-84.961-11.719-29.297-23.438-67.383-26.367-140.625-2.93-82.031-5.859-102.539-5.859-304.688s2.93-222.656 5.859-301.758c2.93-76.172 14.648-114.258 23.438-140.625 14.648-35.156 32.227-61.523 55.664-84.961 26.367-26.367 52.734-43.945 84.961-55.664 29.297-11.719 67.383-23.438 140.625-26.367 82.031-2.93 102.539-5.859 304.688-5.859M750 0c-205.078 0-228.516 2.93-307.617 5.859-82.031 2.93-137.695 14.648-181.641 32.227-49.805 20.508-93.75 46.875-134.766 87.891s-67.383 84.961-87.891 134.766c-17.578 46.875-29.297 99.609-32.227 181.641-2.93 79.102-5.859 102.539-5.859 307.617s2.93 228.516 5.859 307.617c2.93 82.031 14.648 137.695 32.227 181.641 20.508 49.805 46.875 93.75 87.891 134.766s84.961 67.383 134.766 87.891c46.875 17.578 99.609 29.297 181.641 32.227 79.102 2.93 102.539 5.859 307.617 5.859s228.516-2.93 307.617-5.859c82.031-2.93 137.695-14.648 181.641-32.227 49.805-20.508 93.75-46.875 134.766-87.891s67.383-84.961 87.891-134.766c17.578-46.875 29.297-99.609 32.227-181.641 2.93-79.102 5.859-102.539 5.859-307.617s-2.93-228.516-5.859-307.617c-2.93-82.031-14.648-137.695-32.227-181.641-20.508-49.805-46.875-93.75-87.891-134.766s-84.961-67.383-134.766-87.891c-46.875-17.578-99.609-29.297-181.641-32.227-79.102-2.93-102.539-5.859-307.617-5.859zM750 363.281c-213.867 0-386.719 172.852-386.719 386.719s172.852 386.719 386.719 386.719c213.867 0 386.719-172.852 386.719-386.719s-172.852-386.719-386.719-386.719zM750 1001.953c-137.695 0-251.953-114.258-251.953-251.953s114.258-251.953 251.953-251.953c137.695 0 251.953 114.258 251.953 251.953s-114.258 251.953-251.953 251.953zM1239.258 348.633c0 49.805-38.086 90.82-87.891 90.82s-90.82-41.016-90.82-90.82c0-49.805 41.016-87.891 90.82-87.891s87.891 38.086 87.891 87.891z\"><\/path>\r\n                                      <\/svg>\r\n                                    <\/div>\r\n                                  <\/div>\r\n                                <\/a>\r\n                              <\/div>\r\n                              <div class=\"social-icon-container d-inline-flex\">\r\n                                <a href=\"https:\/\/www.linkedin.com\/company\/2249847\/admin\/\" h-use-smooth-scroll=\"true\">\r\n                                  <div class=\"icon-container h-social-icon h-global-transition\">\r\n                                    <div class=\"h-icon-svg\" style=\"width: 100%; height: 100%;\">\r\n                                      <!--Icon by Socicon (http:\/\/www.socicon.com)-->\r\n                                      <svg version=\"1.1\" xmlns=\"http:\/\/www.w3.org\/2000\/svg\" viewBox=\"0 0 1500 1500\">\r\n\r\n                                        <path d=\"M1122.070 767.578c-20.508-23.438-55.664-35.156-105.469-35.156-64.453 0-108.398 20.508-134.766 55.664-26.367 38.086-38.086 90.82-38.086 158.203v512.695c0 8.789-2.93 17.578-11.719 26.367-5.859 5.859-17.578 11.719-26.367 11.719h-269.531c-8.789 0-17.578-5.859-26.367-11.719-5.859-8.789-11.719-17.578-11.719-26.367v-946.289c0-8.789 5.859-17.578 11.719-26.367 8.789-5.859 17.578-11.719 26.367-11.719h260.742c8.789 0 17.578 2.93 23.438 5.859s8.789 11.719 11.719 20.508c0 8.789 2.93 17.578 2.93 20.508s0 11.719 0 23.438c67.383-64.453 158.203-93.75 266.602-93.75 125.977 0 222.656 29.297 292.969 90.82 70.313 64.453 105.469 155.273 105.469 278.32v638.672c0 8.789-2.93 17.578-11.719 26.367-5.859 5.859-17.578 11.719-26.367 11.719h-275.391c-8.789 0-17.578-5.859-26.367-11.719-5.859-8.789-11.719-17.578-11.719-26.367v-577.148c0-49.805-8.789-87.891-26.367-114.258zM310.547 313.477c-35.156 35.156-79.102 52.734-128.906 52.734s-93.75-17.578-128.906-52.734c-35.156-35.156-52.734-76.172-52.734-128.906 0-49.805 17.578-90.82 52.734-125.977s79.102-55.664 128.906-55.664c49.805 0 93.75 20.508 128.906 55.664s52.734 76.172 52.734 125.977c0 52.734-17.578 93.75-52.734 128.906zM354.492 512.695v946.289c0 8.789-5.859 17.578-11.719 26.367-8.789 5.859-17.578 11.719-26.367 11.719h-269.531c-8.789 0-17.578-5.859-26.367-11.719-5.859-8.789-11.719-17.578-11.719-26.367v-946.289c0-8.789 5.859-17.578 11.719-26.367 8.789-5.859 17.578-11.719 26.367-11.719h269.531c8.789 0 17.578 5.859 26.367 11.719 5.859 8.789 11.719 17.578 11.719 26.367z\"><\/path>\r\n                                      <\/svg>\r\n                                    <\/div>\r\n                                  <\/div>\r\n                                <\/a>\r\n                              <\/div>\r\n                            <\/div>\r\n                          <\/div>\r\n                        <\/div>\r\n                      <\/div>\r\n                    <\/div>\r\n                    <div class=\"h-column h-column-container d-flex h-col-lg-auto h-col-md-auto h-col-auto style-348-outer style-local-735-c11-outer\">\r\n                      <div data-colibri-id=\"735-c11\" class=\"d-flex h-flex-basis h-column__inner h-px-lg-0 h-px-md-0 h-px-0 v-inner-lg-0 v-inner-md-0 v-inner-0 style-348 style-local-735-c11 position-relative\">\r\n                        <!---->\r\n                        <!---->\r\n                        <div class=\"w-100 h-y-container h-column__content h-column__v-align flex-basis-100 align-self-lg-center align-self-md-center align-self-center\">\r\n                          <!---->\r\n                          <div data-colibri-id=\"735-c12\" class=\"style-349 style-local-735-c12 position-relative h-element\">\r\n                            <!---->\r\n                            <div class=\"h-global-transition-all h-global-transition h-global-transition-all h-contact-form-shortcode\">\n<div class=\"wpcf7 no-js\" id=\"wpcf7-f456-o1\" lang=\"en-US\" dir=\"ltr\" data-wpcf7-id=\"456\">\n<div class=\"screen-reader-response\"><p role=\"status\" aria-live=\"polite\" aria-atomic=\"true\"><\/p> <ul><\/ul><\/div>\n<form action=\"\/index.php\/wp-json\/wp\/v2\/pages\/735#wpcf7-f456-o1\" method=\"post\" class=\"wpcf7-form init\" aria-label=\"Contact form\" novalidate=\"novalidate\" data-status=\"init\">\n<fieldset class=\"hidden-fields-container\"><input type=\"hidden\" name=\"_wpcf7\" value=\"456\" \/><input type=\"hidden\" name=\"_wpcf7_version\" value=\"6.1.5\" \/><input type=\"hidden\" name=\"_wpcf7_locale\" value=\"en_US\" \/><input type=\"hidden\" name=\"_wpcf7_unit_tag\" value=\"wpcf7-f456-o1\" \/><input type=\"hidden\" name=\"_wpcf7_container_post\" value=\"0\" \/><input type=\"hidden\" name=\"_wpcf7_posted_data_hash\" value=\"\" \/>\n<\/fieldset>\n<p><label> Seu nome<br \/>\n<span class=\"wpcf7-form-control-wrap\" data-name=\"your-name\"><input size=\"40\" maxlength=\"400\" class=\"wpcf7-form-control wpcf7-text wpcf7-validates-as-required\" aria-required=\"true\" aria-invalid=\"false\" value=\"\" type=\"text\" name=\"your-name\" \/><\/span> <\/label>\n<\/p>\n<p><label> Seu e-mail (obrigat\u00f3rio)<br \/>\n<span class=\"wpcf7-form-control-wrap\" data-name=\"your-email\"><input size=\"40\" maxlength=\"400\" class=\"wpcf7-form-control wpcf7-email wpcf7-validates-as-required wpcf7-text wpcf7-validates-as-email\" aria-required=\"true\" aria-invalid=\"false\" value=\"\" type=\"email\" name=\"your-email\" \/><\/span> <\/label>\n<\/p>\n<p><label> Assunto<br \/>\n<span class=\"wpcf7-form-control-wrap\" data-name=\"your-subject\"><input size=\"40\" maxlength=\"400\" class=\"wpcf7-form-control wpcf7-text wpcf7-validates-as-required\" aria-required=\"true\" aria-invalid=\"false\" value=\"\" type=\"text\" name=\"your-subject\" \/><\/span> <\/label>\n<\/p>\n<p><label> Sua mensagem<br \/>\n<span class=\"wpcf7-form-control-wrap\" data-name=\"your-message\"><textarea cols=\"40\" rows=\"10\" maxlength=\"2000\" class=\"wpcf7-form-control wpcf7-textarea\" aria-invalid=\"false\" name=\"your-message\"><\/textarea><\/span> <\/label>\n<\/p>\n<p><input class=\"wpcf7-form-control wpcf7-submit has-spinner\" type=\"submit\" value=\"Enviar\" \/>\n<\/p><p style=\"display: none !important;\" class=\"akismet-fields-container\" data-prefix=\"_wpcf7_ak_\"><label>&#916;<textarea name=\"_wpcf7_ak_hp_textarea\" cols=\"45\" rows=\"8\" maxlength=\"100\"><\/textarea><\/label><input type=\"hidden\" id=\"ak_js_1\" name=\"_wpcf7_ak_js\" value=\"8\"\/><script>document.getElementById( \"ak_js_1\" ).setAttribute( \"value\", ( new Date() ).getTime() );<\/script><\/p><div class=\"wpcf7-response-output\" aria-hidden=\"true\"><\/div>\n<\/form>\n<\/div>\n<\/div>\r\n                          <\/div>\r\n                        <\/div>\r\n                      <\/div>\r\n                    <\/div>\r\n                  <\/div>\r\n                <\/div>\r\n              <\/div>\r\n            <\/div>\r\n          <\/div>\r\n        <\/div>\r\n      <\/div>\r\n    <\/div>\r\n  <\/div>\r\n<\/div>","protected":false},"excerpt":{"rendered":"<p>Vamos conversar! Agende uma reuni\u00e3o para conhecer nossos servi\u00e7os e n\u00e3o perca a oportunidade de lan\u00e7ar seu projeto ou neg\u00f3cio de forma mais assertiva. Fale conosco! Fa\u00e7a contato e venha conversar conosco!<\/p>\n","protected":false},"author":1,"featured_media":0,"parent":0,"menu_order":0,"comment_status":"closed","ping_status":"closed","template":"page-templates\/full-width-page.php","meta":{"_monsterinsights_skip_tracking":false,"_monsterinsights_sitenote_active":false,"_monsterinsights_sitenote_note":"","_monsterinsights_sitenote_category":0,"footnotes":""},"class_list":["post-735","page","type-page","status-publish","hentry"],"aioseo_notices":[],"_links":{"self":[{"href":"https:\/\/maisculturanegocios.com.br\/index.php\/wp-json\/wp\/v2\/pages\/735","targetHints":{"allow":["GET"]}}],"collection":[{"href":"https:\/\/maisculturanegocios.com.br\/index.php\/wp-json\/wp\/v2\/pages"}],"about":[{"href":"https:\/\/maisculturanegocios.com.br\/index.php\/wp-json\/wp\/v2\/types\/page"}],"author":[{"embeddable":true,"href":"https:\/\/maisculturanegocios.com.br\/index.php\/wp-json\/wp\/v2\/users\/1"}],"replies":[{"embeddable":true,"href":"https:\/\/maisculturanegocios.com.br\/index.php\/wp-json\/wp\/v2\/comments?post=735"}],"version-history":[{"count":5,"href":"https:\/\/maisculturanegocios.com.br\/index.php\/wp-json\/wp\/v2\/pages\/735\/revisions"}],"predecessor-version":[{"id":781,"href":"https:\/\/maisculturanegocios.com.br\/index.php\/wp-json\/wp\/v2\/pages\/735\/revisions\/781"}],"wp:attachment":[{"href":"https:\/\/maisculturanegocios.com.br\/index.php\/wp-json\/wp\/v2\/media?parent=735"}],"curies":[{"name":"wp","href":"https:\/\/api.w.org\/{rel}","templated":true}]}}